{"id":4030,"date":"2021-07-20T13:47:09","date_gmt":"2021-07-20T11:47:09","guid":{"rendered":"https:\/\/ksh1984.de\/?page_id=4030"},"modified":"2024-07-22T16:55:22","modified_gmt":"2024-07-22T14:55:22","slug":"impressum","status":"publish","type":"page","link":"https:\/\/schachtrainer-bayern.de\/en\/impressum\/","title":{"rendered":"Site Notice"},"content":{"rendered":"<p>Michael Prusikin<br \/>\nKalvarienbergsiedlung 27<br \/>\n92676 Eschenbach<\/p>\n<h2>Contact<\/h2>\n<p>Phone: +491728023010<br \/>\nE-mail: kontakt@schachtrainer-bayern.de<\/p>\n<h2>Person responsible for editorial<\/h2>\n<p>Michael Prusikin<br \/>\nMozartstr.9<br \/>\n92331 Parsberg<\/p>\n<h2>Dispute resolution proceedings in front of a consumer arbitration board<\/h2>\n<p>We participate in a dispute settlement procedure before a consumer arbitration board. The competent consumer arbitration board is Zentrum f\u00fcr Schlichtung e.V., Stra\u00dfburger Stra\u00dfe 8, 77694 Kehl am Rhein (<a href=\"https:\/\/www.verbraucher-schlichter.de\" target=\"_blank\" rel=\"noopener noreferrer\">https:\/\/www.verbraucher-schlichter.de<\/a>).<\/p>\n","protected":false},"excerpt":{"rendered":"<p>Michael Prusikin Kalvarienbergsiedlung 27 92676 Eschenbach Contact Phone: +491728023010 E-mail: kontakt@schachtrainer-bayern.de Person responsible for editorial Michael Prusikin Mozartstr.9 92331 Parsberg Dispute resolution proceedings in front of a consumer arbitration board We participate in a dispute settlement procedure before a consumer arbitration board. The competent consumer arbitration board is Zentrum f\u00fcr Schlichtung e.V., Stra\u00dfburger Stra\u00dfe 8, [&hellip;]<\/p>\n","protected":false},"author":1,"featured_media":4458,"parent":0,"menu_order":0,"comment_status":"closed","ping_status":"closed","template":"","meta":{"footnotes":""},"class_list":["post-4030","page","type-page","status-publish","has-post-thumbnail","hentry"],"blocksy_meta":{"styles_descriptor":{"styles":{"desktop":"","tablet":"","mobile":""},"google_fonts":[],"version":6}},"featured_image_urls_v2":{"full":"","thumbnail":"","medium":"","medium_large":"","large":"","1536x1536":"","2048x2048":""},"post_excerpt_stackable_v2":"<p>Michael Prusikin Kalvarienbergsiedlung 27 92676 Eschenbach Contact Phone: +491728023010 E-mail: kontakt@schachtrainer-bayern.de Person responsible for editorial Michael Prusikin Mozartstr.9 92331 Parsberg Dispute resolution proceedings in front of a consumer arbitration board We participate in a dispute settlement procedure before a consumer arbitration board. The competent consumer arbitration board is Zentrum f\u00fcr Schlichtung e.V., Stra\u00dfburger Stra\u00dfe 8, 77694 Kehl am Rhein (https:\/\/www.verbraucher-schlichter.de).<\/p>\n","category_list_v2":"","author_info_v2":{"name":"wartung","url":"https:\/\/schachtrainer-bayern.de\/en\/author\/wtng\/"},"comments_num_v2":"0 comments","yoast_head":"<!-- This site is optimized with the Yoast SEO plugin v25.1 - https:\/\/yoast.com\/wordpress\/plugins\/seo\/ -->\n<title>Site Notice - Michael Prusikin<\/title>\n<meta name=\"robots\" content=\"index, follow, max-snippet:-1, max-image-preview:large, max-video-preview:-1\" \/>\n<link rel=\"canonical\" href=\"https:\/\/schachtrainer-bayern.de\/en\/impressum\/\" \/>\n<meta property=\"og:locale\" content=\"en_US\" \/>\n<meta property=\"og:locale:alternate\" content=\"de_DE\" \/>\n<meta property=\"og:type\" content=\"article\" \/>\n<meta property=\"og:title\" content=\"Site Notice\" \/>\n<meta property=\"og:description\" content=\"Michael Prusikin Kalvarienbergsiedlung 27 92676 Eschenbach Contact Phone: +491728023010 E-mail: kontakt@schachtrainer-bayern.de Person responsible for editorial Michael Prusikin Mozartstr.9 92331 Parsberg Dispute resolution proceedings in front of a consumer arbitration board We participate in a dispute settlement procedure before a consumer arbitration board. The competent consumer arbitration board is Zentrum f\u00fcr Schlichtung e.V., Stra\u00dfburger Stra\u00dfe 8, [&hellip;]\" \/>\n<meta property=\"og:url\" content=\"https:\/\/schachtrainer-bayern.de\/en\/impressum\/\" \/>\n<meta property=\"og:site_name\" content=\"Michael Prusikin\" \/>\n<meta property=\"article:modified_time\" content=\"2024-07-22T14:55:22+00:00\" \/>\n<meta name=\"twitter:card\" content=\"summary_large_image\" \/>\n<meta name=\"twitter:label1\" content=\"Est. reading time\" \/>\n\t<meta name=\"twitter:data1\" content=\"1 minute\" \/>\n<script type=\"application\/ld+json\" class=\"yoast-schema-graph\">{\"@context\":\"https:\/\/schema.org\",\"@graph\":[{\"@type\":\"WebPage\",\"@id\":\"https:\/\/schachtrainer-bayern.de\/en\/impressum\/\",\"url\":\"https:\/\/schachtrainer-bayern.de\/en\/impressum\/\",\"name\":\"Site Notice\",\"isPartOf\":{\"@id\":\"https:\/\/schachtrainer-bayern.de\/#website\"},\"primaryImageOfPage\":{\"@id\":\"https:\/\/schachtrainer-bayern.de\/en\/impressum\/#primaryimage\"},\"image\":{\"@id\":\"https:\/\/schachtrainer-bayern.de\/en\/impressum\/#primaryimage\"},\"thumbnailUrl\":\"\",\"datePublished\":\"2021-07-20T11:47:09+00:00\",\"dateModified\":\"2024-07-22T14:55:22+00:00\",\"breadcrumb\":{\"@id\":\"https:\/\/schachtrainer-bayern.de\/en\/impressum\/#breadcrumb\"},\"inLanguage\":\"en-US\",\"potentialAction\":[{\"@type\":\"ReadAction\",\"target\":[\"https:\/\/schachtrainer-bayern.de\/en\/impressum\/\"]}]},{\"@type\":\"ImageObject\",\"inLanguage\":\"en-US\",\"@id\":\"https:\/\/schachtrainer-bayern.de\/en\/impressum\/#primaryimage\",\"url\":\"\",\"contentUrl\":\"\"},{\"@type\":\"BreadcrumbList\",\"@id\":\"https:\/\/schachtrainer-bayern.de\/en\/impressum\/#breadcrumb\",\"itemListElement\":[{\"@type\":\"ListItem\",\"position\":1,\"name\":\"Startseite\",\"item\":\"https:\/\/schachtrainer-bayern.de\/\"},{\"@type\":\"ListItem\",\"position\":2,\"name\":\"Site Notice\"}]},{\"@type\":\"WebSite\",\"@id\":\"https:\/\/schachtrainer-bayern.de\/#website\",\"url\":\"https:\/\/schachtrainer-bayern.de\/\",\"name\":\"Michael Prusikin\",\"description\":\"Schachtrainer aus Bayern\",\"publisher\":{\"@id\":\"https:\/\/schachtrainer-bayern.de\/#\/schema\/person\/d8953abdbccc84471b43aa9cd4ec5132\"},\"potentialAction\":[{\"@type\":\"SearchAction\",\"target\":{\"@type\":\"EntryPoint\",\"urlTemplate\":\"https:\/\/schachtrainer-bayern.de\/?s={search_term_string}\"},\"query-input\":{\"@type\":\"PropertyValueSpecification\",\"valueRequired\":true,\"valueName\":\"search_term_string\"}}],\"inLanguage\":\"en-US\"},{\"@type\":[\"Person\",\"Organization\"],\"@id\":\"https:\/\/schachtrainer-bayern.de\/#\/schema\/person\/d8953abdbccc84471b43aa9cd4ec5132\",\"name\":\"Michael Prusikin\",\"image\":{\"@type\":\"ImageObject\",\"inLanguage\":\"en-US\",\"@id\":\"https:\/\/schachtrainer-bayern.de\/#\/schema\/person\/image\/\",\"url\":\"https:\/\/schachtrainer-bayern.de\/wp-content\/uploads\/2022\/01\/EM-Dresden-2007.jpg\",\"contentUrl\":\"https:\/\/schachtrainer-bayern.de\/wp-content\/uploads\/2022\/01\/EM-Dresden-2007.jpg\",\"width\":1759,\"height\":1380,\"caption\":\"Michael Prusikin\"},\"logo\":{\"@id\":\"https:\/\/schachtrainer-bayern.de\/#\/schema\/person\/image\/\"},\"description\":\"Gro\u00dfmeister Michael Prusikin - Bekannter und erfolgreicher Schachspieler, Schachautor und Schachtrainer aus Bayern.\"}]}<\/script>\n<!-- \/ Yoast SEO plugin. -->","yoast_head_json":{"title":"Site Notice - Michael Prusikin","robots":{"index":"index","follow":"follow","max-snippet":"max-snippet:-1","max-image-preview":"max-image-preview:large","max-video-preview":"max-video-preview:-1"},"canonical":"https:\/\/schachtrainer-bayern.de\/en\/impressum\/","og_locale":"en_US","og_type":"article","og_title":"[:de]Impressum[:en]Site Notice[:] - Michael Prusikin","og_description":"Michael Prusikin Kalvarienbergsiedlung 27 92676 Eschenbach Contact Phone: +491728023010 E-mail: kontakt@schachtrainer-bayern.de Person responsible for editorial Michael Prusikin Mozartstr.9 92331 Parsberg Dispute resolution proceedings in front of a consumer arbitration board We participate in a dispute settlement procedure before a consumer arbitration board. The competent consumer arbitration board is Zentrum f\u00fcr Schlichtung e.V., Stra\u00dfburger Stra\u00dfe 8, [&hellip;]","og_url":"https:\/\/schachtrainer-bayern.de\/en\/impressum\/","og_site_name":"Michael Prusikin","article_modified_time":"2024-07-22T14:55:22+00:00","twitter_card":"summary_large_image","twitter_misc":{"Est. reading time":"1 minute"},"schema":{"@context":"https:\/\/schema.org","@graph":[{"@type":"WebPage","@id":"https:\/\/schachtrainer-bayern.de\/en\/impressum\/","url":"https:\/\/schachtrainer-bayern.de\/en\/impressum\/","name":"Site Notice","isPartOf":{"@id":"https:\/\/schachtrainer-bayern.de\/#website"},"primaryImageOfPage":{"@id":"https:\/\/schachtrainer-bayern.de\/en\/impressum\/#primaryimage"},"image":{"@id":"https:\/\/schachtrainer-bayern.de\/en\/impressum\/#primaryimage"},"thumbnailUrl":"","datePublished":"2021-07-20T11:47:09+00:00","dateModified":"2024-07-22T14:55:22+00:00","breadcrumb":{"@id":"https:\/\/schachtrainer-bayern.de\/en\/impressum\/#breadcrumb"},"inLanguage":"en-US","potentialAction":[{"@type":"ReadAction","target":["https:\/\/schachtrainer-bayern.de\/en\/impressum\/"]}]},{"@type":"ImageObject","inLanguage":"en-US","@id":"https:\/\/schachtrainer-bayern.de\/en\/impressum\/#primaryimage","url":"","contentUrl":""},{"@type":"BreadcrumbList","@id":"https:\/\/schachtrainer-bayern.de\/en\/impressum\/#breadcrumb","itemListElement":[{"@type":"ListItem","position":1,"name":"Startseite","item":"https:\/\/schachtrainer-bayern.de\/"},{"@type":"ListItem","position":2,"name":"Site Notice"}]},{"@type":"WebSite","@id":"https:\/\/schachtrainer-bayern.de\/#website","url":"https:\/\/schachtrainer-bayern.de\/","name":"Michael Prusikin","description":"Schachtrainer aus Bayern","publisher":{"@id":"https:\/\/schachtrainer-bayern.de\/#\/schema\/person\/d8953abdbccc84471b43aa9cd4ec5132"},"potentialAction":[{"@type":"SearchAction","target":{"@type":"EntryPoint","urlTemplate":"https:\/\/schachtrainer-bayern.de\/?s={search_term_string}"},"query-input":{"@type":"PropertyValueSpecification","valueRequired":true,"valueName":"search_term_string"}}],"inLanguage":"en-US"},{"@type":["Person","Organization"],"@id":"https:\/\/schachtrainer-bayern.de\/#\/schema\/person\/d8953abdbccc84471b43aa9cd4ec5132","name":"Michael Prusikin","image":{"@type":"ImageObject","inLanguage":"en-US","@id":"https:\/\/schachtrainer-bayern.de\/#\/schema\/person\/image\/","url":"https:\/\/schachtrainer-bayern.de\/wp-content\/uploads\/2022\/01\/EM-Dresden-2007.jpg","contentUrl":"https:\/\/schachtrainer-bayern.de\/wp-content\/uploads\/2022\/01\/EM-Dresden-2007.jpg","width":1759,"height":1380,"caption":"Michael Prusikin"},"logo":{"@id":"https:\/\/schachtrainer-bayern.de\/#\/schema\/person\/image\/"},"description":"Gro\u00dfmeister Michael Prusikin - Bekannter und erfolgreicher Schachspieler, Schachautor und Schachtrainer aus Bayern."}]}},"_links":{"self":[{"href":"https:\/\/schachtrainer-bayern.de\/en\/wp-json\/wp\/v2\/pages\/4030","targetHints":{"allow":["GET"]}}],"collection":[{"href":"https:\/\/schachtrainer-bayern.de\/en\/wp-json\/wp\/v2\/pages"}],"about":[{"href":"https:\/\/schachtrainer-bayern.de\/en\/wp-json\/wp\/v2\/types\/page"}],"author":[{"embeddable":true,"href":"https:\/\/schachtrainer-bayern.de\/en\/wp-json\/wp\/v2\/users\/1"}],"replies":[{"embeddable":true,"href":"https:\/\/schachtrainer-bayern.de\/en\/wp-json\/wp\/v2\/comments?post=4030"}],"version-history":[{"count":4,"href":"https:\/\/schachtrainer-bayern.de\/en\/wp-json\/wp\/v2\/pages\/4030\/revisions"}],"predecessor-version":[{"id":7724,"href":"https:\/\/schachtrainer-bayern.de\/en\/wp-json\/wp\/v2\/pages\/4030\/revisions\/7724"}],"wp:featuredmedia":[{"embeddable":true,"href":"https:\/\/schachtrainer-bayern.de\/en\/wp-json\/"}],"wp:attachment":[{"href":"https:\/\/schachtrainer-bayern.de\/en\/wp-json\/wp\/v2\/media?parent=4030"}],"curies":[{"name":"wp","href":"https:\/\/api.w.org\/{rel}","templated":true}]}}